{"id":804,"date":"2018-09-14T19:29:27","date_gmt":"2018-09-14T19:29:27","guid":{"rendered":"https:\/\/soles.com.mx\/web\/?page_id=804"},"modified":"2022-09-22T09:18:23","modified_gmt":"2022-09-22T16:18:23","slug":"bolsadetrabajo","status":"publish","type":"page","link":"https:\/\/soles.com.mx\/web\/bolsadetrabajo\/","title":{"rendered":"Bolsa de Trabajo"},"content":{"rendered":"<div class=\"wpb-content-wrapper\">[vc_row parallax=\u00bbcontent-moving\u00bb parallax_image=\u00bb806&#8243; parallax_speed_bg=\u00bb4&#8243; css=\u00bb.vc_custom_1536953532693{background-position: center;background-repeat: no-repeat;background-size:cover !important;}\u00bb min_height=\u00bb300&#8243;][vc_column]<style>.vcex-heading.vcex_6a04dbe23d366{color:#ffffff;font-size:34px;font-weight:500;}<\/style><h1 class=\"vcex-heading vcex-heading-plain vcex-module wpex-heading wpex-text-2xl wpex-text-center vc_custom_1536953546991 vcex_6a04dbe23d366\"><span class=\"vcex-heading-inner wpex-inline-block\">BOLSA DE TRABAJO<\/span><\/h1>[\/vc_column][\/vc_row][vc_row center_row=\u00bbyes\u00bb css=\u00bb.vc_custom_1536870558330{padding-top: 52px !important;}\u00bb][vc_column]<style>.vcex-heading.vcex_6a04dbe23dff9{font-size:23px;line-height:1;}<\/style><h1 class=\"vcex-heading vcex-heading-plain vcex-module wpex-heading wpex-text-2xl wpex-text-center vcex_6a04dbe23dff9\"><span class=\"vcex-heading-inner wpex-inline-block\">Forma parte de nuestro equipo!<\/span><\/h1>[vc_column_text css=\u00bb.vc_custom_1601925192528{padding-top: 12px !important;}\u00bb]\n<p style=\"text-align: center;\">En Soles siempre estamos en busca de nuevo talento para integrarse con nosotros.<br \/>\nEnv\u00edanos tu curr\u00edculum a trav\u00e9s de este formulario o escr\u00edbenos a <a href=\"mailto:talento@soles.com.mx\">talento@soles.com.mx\u00a0<\/a><\/p>\n[\/vc_column_text][\/vc_column][\/vc_row][vc_row center_row=\u00bbyes\u00bb][vc_column width=\u00bb1\/4&#8243;][\/vc_column][vc_column width=\u00bb1\/2&#8243;]\n<div class=\"wpcf7 no-js\" id=\"wpcf7-f803-o1\" lang=\"es-ES\" dir=\"ltr\" data-wpcf7-id=\"803\">\n<div class=\"screen-reader-response\"><p role=\"status\" aria-live=\"polite\" aria-atomic=\"true\"><\/p> <ul><\/ul><\/div>\n<form action=\"\/web\/wp-json\/wp\/v2\/pages\/804#wpcf7-f803-o1\" method=\"post\" class=\"wpcf7-form init\" aria-label=\"Formulario de contacto\" enctype=\"multipart\/form-data\" novalidate=\"novalidate\" data-status=\"init\">\n<div style=\"display: none;\">\n<input type=\"hidden\" name=\"_wpcf7\" value=\"803\" \/>\n<input type=\"hidden\" name=\"_wpcf7_version\" value=\"6.0.6\" \/>\n<input type=\"hidden\" name=\"_wpcf7_locale\" value=\"es_ES\" \/>\n<input type=\"hidden\" name=\"_wpcf7_unit_tag\" value=\"wpcf7-f803-o1\" \/>\n<input type=\"hidden\" name=\"_wpcf7_container_post\" value=\"0\" \/>\n<input type=\"hidden\" name=\"_wpcf7_posted_data_hash\" value=\"\" \/>\n<\/div>\n<p><label> <span class=\"wpcf7-form-control-wrap\" data-name=\"your-name\"><input size=\"40\" maxlength=\"400\" class=\"wpcf7-form-control wpcf7-text wpcf7-validates-as-required\" aria-required=\"true\" aria-invalid=\"false\" value=\"Nombre\" type=\"text\" name=\"your-name\" \/><\/span> <\/label>\n<\/p>\n<p><label> <span class=\"wpcf7-form-control-wrap\" data-name=\"your-email\"><input size=\"40\" maxlength=\"400\" class=\"wpcf7-form-control wpcf7-email wpcf7-validates-as-required wpcf7-text wpcf7-validates-as-email\" aria-required=\"true\" aria-invalid=\"false\" value=\"Correo electr\u00f3nico\" type=\"email\" name=\"your-email\" \/><\/span> <\/label>\n<\/p>\n<p><label> <span class=\"wpcf7-form-control-wrap\" data-name=\"tel-38\"><input size=\"40\" maxlength=\"400\" class=\"wpcf7-form-control wpcf7-tel wpcf7-validates-as-required wpcf7-text wpcf7-validates-as-tel\" aria-required=\"true\" aria-invalid=\"false\" value=\"Tel\u00e9fono\" type=\"tel\" name=\"tel-38\" \/><\/span> <\/label>\n<\/p>\n<p><label> <span class=\"wpcf7-form-control-wrap\" data-name=\"ciudad\"><input size=\"40\" maxlength=\"400\" class=\"wpcf7-form-control wpcf7-text wpcf7-validates-as-required\" aria-required=\"true\" aria-invalid=\"false\" value=\"Ciudad\" type=\"text\" name=\"ciudad\" \/><\/span> <\/label>\n<\/p>\n<p><span class=\"wpcf7-form-control-wrap\" data-name=\"menu-198\"><select class=\"wpcf7-form-control wpcf7-select wpcf7-validates-as-required\" aria-required=\"true\" aria-invalid=\"false\" name=\"menu-198\"><option value=\"Area de inter\u00e9s:\">Area de inter\u00e9s:<\/option><option value=\"Operativo\">Operativo<\/option><option value=\"Carnicero\">Carnicero<\/option><option value=\"Cajero\">Cajero<\/option><option value=\"Ventas\">Ventas<\/option><option value=\"Administrativo\">Administrativo<\/option><option value=\"Almac\u00e9n\">Almac\u00e9n<\/option><option value=\"Chofer\">Chofer<\/option><option value=\"M\u00e9dico Veterinario\">M\u00e9dico Veterinario<\/option><option value=\"Bi\u00f3logo\">Bi\u00f3logo<\/option><option value=\"Ing. en Sistemas\">Ing. en Sistemas<\/option><\/select><\/span>\n<\/p>\n<p><span class=\"wpcf7-form-control-wrap\" data-name=\"file-572\"><input size=\"40\" class=\"wpcf7-form-control wpcf7-file\" accept=\".doc,.xls,.pdf,.jpg\" aria-invalid=\"false\" type=\"file\" name=\"file-572\" \/><\/span>\n<\/p>\n<p style=\"text-align: left;\" span style=\"color: #ffffff; font-size: 8px;\"> Word o pdf, menor a 2mb\n<\/p>\n<p><label> <span class=\"wpcf7-form-control-wrap\" data-name=\"comentarios\"><textarea cols=\"40\" rows=\"3\" maxlength=\"2000\" class=\"wpcf7-form-control wpcf7-textarea\" aria-invalid=\"false\" name=\"comentarios\">Comentarios<\/textarea><\/span> <\/label>\n<\/p>\n<p><input class=\"wpcf7-form-control wpcf7-submit has-spinner\" type=\"submit\" value=\"Enviar\" \/>\n<\/p><div class=\"wpcf7-response-output\" aria-hidden=\"true\"><\/div>\n<\/form>\n<\/div>\n[\/vc_column][vc_column width=\u00bb1\/4&#8243;][\/vc_column][\/vc_row]\n<\/div>","protected":false},"excerpt":{"rendered":"<p>[vc_row parallax=\u00bbcontent-moving\u00bb parallax_image=\u00bb806&#8243; parallax_speed_bg=\u00bb4&#8243; css=\u00bb.vc_custom_1536953532693{background-position: center;background-repeat: no-repeat;background-size:cover !important;}\u00bb min_height=\u00bb300&#8243;][vc_column][\/vc_column][\/vc_row][vc_row center_row=\u00bbyes\u00bb css=\u00bb.vc_custom_1536870558330{padding-top: 52px !important;}\u00bb][vc_column][vc_column_text css=\u00bb.vc_custom_1601925192528{padding-top: 12px !important;}\u00bb] En Soles siempre estamos en busca de nuevo talento para integrarse con nosotros. Env\u00edanos tu curr\u00edculum a trav\u00e9s de este formulario o escr\u00edbenos a talento@soles.com.mx\u00a0 [\/vc_column_text][\/vc_column][\/vc_row][vc_row center_row=\u00bbyes\u00bb][vc_column width=\u00bb1\/4&#8243;][\/vc_column][vc_column width=\u00bb1\/2&#8243;][\/vc_column][vc_column width=\u00bb1\/4&#8243;][\/vc_column][\/vc_row]<\/p>\n","protected":false},"author":1,"featured_media":556,"parent":0,"menu_order":0,"comment_status":"closed","ping_status":"closed","template":"","meta":{"footnotes":""},"class_list":["post-804","page","type-page","status-publish","has-post-thumbnail","hentry","entry","has-media"],"yoast_head":"<!-- This site is optimized with the Yoast SEO plugin v25.0 - https:\/\/yoast.com\/wordpress\/plugins\/seo\/ -->\n<title>Soles - Confianza para mi familia<\/title>\n<meta name=\"robots\" content=\"index, follow, max-snippet:-1, max-image-preview:large, max-video-preview:-1\" \/>\n<link rel=\"canonical\" href=\"https:\/\/soles.com.mx\/web\/bolsadetrabajo\/\" \/>\n<meta property=\"og:locale\" content=\"es_ES\" \/>\n<meta property=\"og:type\" content=\"article\" \/>\n<meta property=\"og:title\" content=\"Soles - Confianza para mi familia\" \/>\n<meta property=\"og:description\" content=\"[vc_row parallax=\u00bbcontent-moving\u00bb parallax_image=\u00bb806&#8243; parallax_speed_bg=\u00bb4&#8243; css=\u00bb.vc_custom_1536953532693{background-position: center;background-repeat: no-repeat;background-size:cover !important;}\u00bb min_height=\u00bb300&#8243;][vc_column][\/vc_column][\/vc_row][vc_row center_row=\u00bbyes\u00bb css=\u00bb.vc_custom_1536870558330{padding-top: 52px !important;}\u00bb][vc_column][vc_column_text css=\u00bb.vc_custom_1601925192528{padding-top: 12px !important;}\u00bb] En Soles siempre estamos en busca de nuevo talento para integrarse con nosotros. Env\u00edanos tu curr\u00edculum a trav\u00e9s de este formulario o escr\u00edbenos a talento@soles.com.mx\u00a0 [\/vc_column_text][\/vc_column][\/vc_row][vc_row center_row=\u00bbyes\u00bb][vc_column width=\u00bb1\/4&#8243;][\/vc_column][vc_column width=\u00bb1\/2&#8243;][\/vc_column][vc_column width=\u00bb1\/4&#8243;][\/vc_column][\/vc_row]\" \/>\n<meta property=\"og:url\" content=\"https:\/\/soles.com.mx\/web\/bolsadetrabajo\/\" \/>\n<meta property=\"og:site_name\" content=\"Soles - Confianza para mi familia\" \/>\n<meta property=\"article:modified_time\" content=\"2022-09-22T16:18:23+00:00\" \/>\n<meta property=\"og:image\" content=\"https:\/\/soles.com.mx\/web\/wp-content\/uploads\/2018\/08\/soles_logo.png\" \/>\n\t<meta property=\"og:image:width\" content=\"466\" \/>\n\t<meta property=\"og:image:height\" content=\"466\" \/>\n\t<meta property=\"og:image:type\" content=\"image\/png\" \/>\n<meta name=\"twitter:card\" content=\"summary_large_image\" \/>\n<meta name=\"twitter:label1\" content=\"Tiempo de lectura\" \/>\n\t<meta name=\"twitter:data1\" content=\"1 minuto\" \/>\n<script type=\"application\/ld+json\" class=\"yoast-schema-graph\">{\"@context\":\"https:\/\/schema.org\",\"@graph\":[{\"@type\":\"WebPage\",\"@id\":\"https:\/\/soles.com.mx\/web\/bolsadetrabajo\/\",\"url\":\"https:\/\/soles.com.mx\/web\/bolsadetrabajo\/\",\"name\":\"Soles - Confianza para mi familia\",\"isPartOf\":{\"@id\":\"https:\/\/soles.com.mx\/web\/#website\"},\"primaryImageOfPage\":{\"@id\":\"https:\/\/soles.com.mx\/web\/bolsadetrabajo\/#primaryimage\"},\"image\":{\"@id\":\"https:\/\/soles.com.mx\/web\/bolsadetrabajo\/#primaryimage\"},\"thumbnailUrl\":\"https:\/\/soles.com.mx\/web\/wp-content\/uploads\/2018\/08\/soles_logo.png\",\"datePublished\":\"2018-09-14T19:29:27+00:00\",\"dateModified\":\"2022-09-22T16:18:23+00:00\",\"breadcrumb\":{\"@id\":\"https:\/\/soles.com.mx\/web\/bolsadetrabajo\/#breadcrumb\"},\"inLanguage\":\"es\",\"potentialAction\":[{\"@type\":\"ReadAction\",\"target\":[\"https:\/\/soles.com.mx\/web\/bolsadetrabajo\/\"]}]},{\"@type\":\"ImageObject\",\"inLanguage\":\"es\",\"@id\":\"https:\/\/soles.com.mx\/web\/bolsadetrabajo\/#primaryimage\",\"url\":\"https:\/\/soles.com.mx\/web\/wp-content\/uploads\/2018\/08\/soles_logo.png\",\"contentUrl\":\"https:\/\/soles.com.mx\/web\/wp-content\/uploads\/2018\/08\/soles_logo.png\",\"width\":466,\"height\":466},{\"@type\":\"BreadcrumbList\",\"@id\":\"https:\/\/soles.com.mx\/web\/bolsadetrabajo\/#breadcrumb\",\"itemListElement\":[{\"@type\":\"ListItem\",\"position\":1,\"name\":\"Inicio\",\"item\":\"https:\/\/soles.com.mx\/web\/\"},{\"@type\":\"ListItem\",\"position\":2,\"name\":\"Bolsa de Trabajo\"}]},{\"@type\":\"WebSite\",\"@id\":\"https:\/\/soles.com.mx\/web\/#website\",\"url\":\"https:\/\/soles.com.mx\/web\/\",\"name\":\"Soles - Confianza para mi familia\",\"description\":\"Soles\",\"publisher\":{\"@id\":\"https:\/\/soles.com.mx\/web\/#organization\"},\"potentialAction\":[{\"@type\":\"SearchAction\",\"target\":{\"@type\":\"EntryPoint\",\"urlTemplate\":\"https:\/\/soles.com.mx\/web\/?s={search_term_string}\"},\"query-input\":{\"@type\":\"PropertyValueSpecification\",\"valueRequired\":true,\"valueName\":\"search_term_string\"}}],\"inLanguage\":\"es\"},{\"@type\":\"Organization\",\"@id\":\"https:\/\/soles.com.mx\/web\/#organization\",\"name\":\"Soles - Confianza para mi familia\",\"url\":\"https:\/\/soles.com.mx\/web\/\",\"logo\":{\"@type\":\"ImageObject\",\"inLanguage\":\"es\",\"@id\":\"https:\/\/soles.com.mx\/web\/#\/schema\/logo\/image\/\",\"url\":\"https:\/\/soles.com.mx\/web\/wp-content\/uploads\/2020\/06\/soles_logo_90.png\",\"contentUrl\":\"https:\/\/soles.com.mx\/web\/wp-content\/uploads\/2020\/06\/soles_logo_90.png\",\"width\":80,\"height\":61,\"caption\":\"Soles - Confianza para mi familia\"},\"image\":{\"@id\":\"https:\/\/soles.com.mx\/web\/#\/schema\/logo\/image\/\"}}]}<\/script>\n<!-- \/ Yoast SEO plugin. -->","yoast_head_json":{"title":"Soles - Confianza para mi familia","robots":{"index":"index","follow":"follow","max-snippet":"max-snippet:-1","max-image-preview":"max-image-preview:large","max-video-preview":"max-video-preview:-1"},"canonical":"https:\/\/soles.com.mx\/web\/bolsadetrabajo\/","og_locale":"es_ES","og_type":"article","og_title":"Soles - Confianza para mi familia","og_description":"[vc_row parallax=\u00bbcontent-moving\u00bb parallax_image=\u00bb806&#8243; parallax_speed_bg=\u00bb4&#8243; css=\u00bb.vc_custom_1536953532693{background-position: center;background-repeat: no-repeat;background-size:cover !important;}\u00bb min_height=\u00bb300&#8243;][vc_column][\/vc_column][\/vc_row][vc_row center_row=\u00bbyes\u00bb css=\u00bb.vc_custom_1536870558330{padding-top: 52px !important;}\u00bb][vc_column][vc_column_text css=\u00bb.vc_custom_1601925192528{padding-top: 12px !important;}\u00bb] En Soles siempre estamos en busca de nuevo talento para integrarse con nosotros. Env\u00edanos tu curr\u00edculum a trav\u00e9s de este formulario o escr\u00edbenos a talento@soles.com.mx\u00a0 [\/vc_column_text][\/vc_column][\/vc_row][vc_row center_row=\u00bbyes\u00bb][vc_column width=\u00bb1\/4&#8243;][\/vc_column][vc_column width=\u00bb1\/2&#8243;][\/vc_column][vc_column width=\u00bb1\/4&#8243;][\/vc_column][\/vc_row]","og_url":"https:\/\/soles.com.mx\/web\/bolsadetrabajo\/","og_site_name":"Soles - Confianza para mi familia","article_modified_time":"2022-09-22T16:18:23+00:00","og_image":[{"width":466,"height":466,"url":"https:\/\/soles.com.mx\/web\/wp-content\/uploads\/2018\/08\/soles_logo.png","type":"image\/png"}],"twitter_card":"summary_large_image","twitter_misc":{"Tiempo de lectura":"1 minuto"},"schema":{"@context":"https:\/\/schema.org","@graph":[{"@type":"WebPage","@id":"https:\/\/soles.com.mx\/web\/bolsadetrabajo\/","url":"https:\/\/soles.com.mx\/web\/bolsadetrabajo\/","name":"Soles - Confianza para mi familia","isPartOf":{"@id":"https:\/\/soles.com.mx\/web\/#website"},"primaryImageOfPage":{"@id":"https:\/\/soles.com.mx\/web\/bolsadetrabajo\/#primaryimage"},"image":{"@id":"https:\/\/soles.com.mx\/web\/bolsadetrabajo\/#primaryimage"},"thumbnailUrl":"https:\/\/soles.com.mx\/web\/wp-content\/uploads\/2018\/08\/soles_logo.png","datePublished":"2018-09-14T19:29:27+00:00","dateModified":"2022-09-22T16:18:23+00:00","breadcrumb":{"@id":"https:\/\/soles.com.mx\/web\/bolsadetrabajo\/#breadcrumb"},"inLanguage":"es","potentialAction":[{"@type":"ReadAction","target":["https:\/\/soles.com.mx\/web\/bolsadetrabajo\/"]}]},{"@type":"ImageObject","inLanguage":"es","@id":"https:\/\/soles.com.mx\/web\/bolsadetrabajo\/#primaryimage","url":"https:\/\/soles.com.mx\/web\/wp-content\/uploads\/2018\/08\/soles_logo.png","contentUrl":"https:\/\/soles.com.mx\/web\/wp-content\/uploads\/2018\/08\/soles_logo.png","width":466,"height":466},{"@type":"BreadcrumbList","@id":"https:\/\/soles.com.mx\/web\/bolsadetrabajo\/#breadcrumb","itemListElement":[{"@type":"ListItem","position":1,"name":"Inicio","item":"https:\/\/soles.com.mx\/web\/"},{"@type":"ListItem","position":2,"name":"Bolsa de Trabajo"}]},{"@type":"WebSite","@id":"https:\/\/soles.com.mx\/web\/#website","url":"https:\/\/soles.com.mx\/web\/","name":"Soles - Confianza para mi familia","description":"Soles","publisher":{"@id":"https:\/\/soles.com.mx\/web\/#organization"},"potentialAction":[{"@type":"SearchAction","target":{"@type":"EntryPoint","urlTemplate":"https:\/\/soles.com.mx\/web\/?s={search_term_string}"},"query-input":{"@type":"PropertyValueSpecification","valueRequired":true,"valueName":"search_term_string"}}],"inLanguage":"es"},{"@type":"Organization","@id":"https:\/\/soles.com.mx\/web\/#organization","name":"Soles - Confianza para mi familia","url":"https:\/\/soles.com.mx\/web\/","logo":{"@type":"ImageObject","inLanguage":"es","@id":"https:\/\/soles.com.mx\/web\/#\/schema\/logo\/image\/","url":"https:\/\/soles.com.mx\/web\/wp-content\/uploads\/2020\/06\/soles_logo_90.png","contentUrl":"https:\/\/soles.com.mx\/web\/wp-content\/uploads\/2020\/06\/soles_logo_90.png","width":80,"height":61,"caption":"Soles - Confianza para mi familia"},"image":{"@id":"https:\/\/soles.com.mx\/web\/#\/schema\/logo\/image\/"}}]}},"_links":{"self":[{"href":"https:\/\/soles.com.mx\/web\/wp-json\/wp\/v2\/pages\/804","targetHints":{"allow":["GET"]}}],"collection":[{"href":"https:\/\/soles.com.mx\/web\/wp-json\/wp\/v2\/pages"}],"about":[{"href":"https:\/\/soles.com.mx\/web\/wp-json\/wp\/v2\/types\/page"}],"author":[{"embeddable":true,"href":"https:\/\/soles.com.mx\/web\/wp-json\/wp\/v2\/users\/1"}],"replies":[{"embeddable":true,"href":"https:\/\/soles.com.mx\/web\/wp-json\/wp\/v2\/comments?post=804"}],"version-history":[{"count":7,"href":"https:\/\/soles.com.mx\/web\/wp-json\/wp\/v2\/pages\/804\/revisions"}],"predecessor-version":[{"id":7773,"href":"https:\/\/soles.com.mx\/web\/wp-json\/wp\/v2\/pages\/804\/revisions\/7773"}],"wp:featuredmedia":[{"embeddable":true,"href":"https:\/\/soles.com.mx\/web\/wp-json\/wp\/v2\/media\/556"}],"wp:attachment":[{"href":"https:\/\/soles.com.mx\/web\/wp-json\/wp\/v2\/media?parent=804"}],"curies":[{"name":"wp","href":"https:\/\/api.w.org\/{rel}","templated":true}]}}